{"id":514,"date":"2018-03-06T19:09:44","date_gmt":"2018-03-06T19:09:44","guid":{"rendered":"http:\/\/www.esttravelguide.com\/?page_id=514"},"modified":"2019-12-18T10:16:08","modified_gmt":"2019-12-18T10:16:08","slug":"shopping","status":"publish","type":"page","link":"https:\/\/www.esttravelguide.com\/index.php\/tallinn-2\/shopping\/","title":{"rendered":"Shopping"},"content":{"rendered":"<div id=\"pl-514\"  class=\"panel-layout\" ><div id=\"pg-514-0\"  class=\"panel-grid panel-no-style\" ><div id=\"pgc-514-0-0\"  class=\"panel-grid-cell\" ><div id=\"panel-514-0-0-0\" class=\"so-panel widget widget_nav_menu panel-first-child\" data-index=\"0\" ><div class=\"menu-tallinn-container\"><ul id=\"menu-tallinn\" class=\"menu\"><li id=\"menu-item-363\" class=\"menu-item menu-item-type-post_type menu-item-object-page menu-item-363\"><a href=\"https:\/\/www.esttravelguide.com\/index.php\/tallinn-2\/accommodation\/\">Accommodation<\/a><\/li>\n<li id=\"menu-item-365\" class=\"menu-item menu-item-type-post_type menu-item-object-page menu-item-365\"><a href=\"https:\/\/www.esttravelguide.com\/index.php\/tallinn-2\/what-to-do\/\">What to do<\/a><\/li>\n<li id=\"menu-item-364\" class=\"menu-item menu-item-type-post_type menu-item-object-page menu-item-364\"><a href=\"https:\/\/www.esttravelguide.com\/index.php\/tallinn-2\/restaurants-cafes\/\">Restaurants &#038; Caf\u00e9s<\/a><\/li>\n<li id=\"menu-item-860\" class=\"menu-item menu-item-type-post_type menu-item-object-page menu-item-860\"><a href=\"https:\/\/www.esttravelguide.com\/index.php\/tallinn-2\/bars-pubs-clubs\/\">Bars, Pubs &#038; Clubs<\/a><\/li>\n<li id=\"menu-item-861\" class=\"menu-item menu-item-type-post_type menu-item-object-page menu-item-861\"><a href=\"https:\/\/www.esttravelguide.com\/index.php\/tallinn-2\/nightlife\/\">Nightlife<\/a><\/li>\n<li id=\"menu-item-862\" class=\"menu-item menu-item-type-post_type menu-item-object-page menu-item-862\"><a href=\"https:\/\/www.esttravelguide.com\/index.php\/tallinn-2\/shopping\/\">Shopping<\/a><\/li>\n<li id=\"menu-item-863\" class=\"menu-item menu-item-type-post_type menu-item-object-page menu-item-863\"><a href=\"https:\/\/www.esttravelguide.com\/index.php\/tallinn-2\/arts-entertainment\/\">Arts &#038; Entertainment<\/a><\/li>\n<li id=\"menu-item-864\" class=\"menu-item menu-item-type-post_type menu-item-object-page menu-item-864\"><a href=\"https:\/\/www.esttravelguide.com\/index.php\/tallinn-2\/beauty-health\/\">Beauty &#038; Health<\/a><\/li>\n<li id=\"menu-item-865\" class=\"menu-item menu-item-type-post_type menu-item-object-page menu-item-865\"><a href=\"https:\/\/www.esttravelguide.com\/index.php\/tallinn-2\/festivals-events\/\">Festivals &#038; Events<\/a><\/li>\n<li id=\"menu-item-866\" class=\"menu-item menu-item-type-post_type menu-item-object-page menu-item-866\"><a href=\"https:\/\/www.esttravelguide.com\/index.php\/tallinn-2\/family-kids\/\">Family &#038; Kids<\/a><\/li>\n<li id=\"menu-item-867\" class=\"menu-item menu-item-type-post_type menu-item-object-page menu-item-867\"><a href=\"https:\/\/www.esttravelguide.com\/index.php\/tallinn-2\/car-rental-taxi\/\">Car rental &#038; Taxi<\/a><\/li>\n<li id=\"menu-item-868\" class=\"menu-item menu-item-type-post_type menu-item-object-page menu-item-868\"><a href=\"https:\/\/www.esttravelguide.com\/index.php\/tallinn-2\/museums\/\">Museums<\/a><\/li>\n<li id=\"menu-item-869\" class=\"menu-item menu-item-type-post_type menu-item-object-page menu-item-869\"><a href=\"https:\/\/www.esttravelguide.com\/index.php\/tallinn-2\/sights\/\">Sights<\/a><\/li>\n<li id=\"menu-item-870\" class=\"menu-item menu-item-type-post_type menu-item-object-page menu-item-870\"><a href=\"https:\/\/www.esttravelguide.com\/index.php\/tallinn-2\/theaters-concert-halls-opera\/\">Theaters &#038; Concert Halls, Opera<\/a><\/li>\n<li id=\"menu-item-871\" class=\"menu-item menu-item-type-post_type menu-item-object-page menu-item-871\"><a href=\"https:\/\/www.esttravelguide.com\/index.php\/tallinn-2\/conference-tourism\/\">Conference Tourism<\/a><\/li>\n<li id=\"menu-item-872\" class=\"menu-item menu-item-type-post_type menu-item-object-page menu-item-872\"><a href=\"https:\/\/www.esttravelguide.com\/index.php\/tallinn-2\/business-contacts-companies\/\">Business Contacts &#038; Companies<\/a><\/li>\n<\/ul><\/div><\/div><div id=\"panel-514-0-0-1\" class=\"so-panel widget widget_sow-editor panel-last-child\" data-index=\"1\" ><div\n\t\t\t\n\t\t\tclass=\"so-widget-sow-editor so-widget-sow-editor-base\"\n\t\t\t\n\t\t>\n<div class=\"siteorigin-widget-tinymce textwidget\">\n\t<\/div>\n<\/div><\/div><\/div><div id=\"pgc-514-0-1\"  class=\"panel-grid-cell\" ><div id=\"panel-514-0-1-0\" class=\"so-panel widget widget_sow-editor panel-first-child\" data-index=\"2\" ><div\n\t\t\t\n\t\t\tclass=\"so-widget-sow-editor so-widget-sow-editor-base\"\n\t\t\t\n\t\t>\n<div class=\"siteorigin-widget-tinymce textwidget\">\n\t<p><a href=\"http:\/\/www.esttravelguide.com\/wp-content\/uploads\/2019\/12\/2757t.jpg\"><img decoding=\"async\" loading=\"lazy\" class=\"alignleft size-thumbnail wp-image-2926\" src=\"http:\/\/www.esttravelguide.com\/wp-content\/uploads\/2019\/12\/2757t-150x83.jpg\" alt=\"\" width=\"150\" height=\"83\" \/><\/a><\/p>\n<\/div>\n<\/div><\/div><div id=\"panel-514-0-1-1\" class=\"so-panel widget widget_sow-editor\" data-index=\"3\" ><div\n\t\t\t\n\t\t\tclass=\"so-widget-sow-editor so-widget-sow-editor-base\"\n\t\t\t\n\t\t>\n<div class=\"siteorigin-widget-tinymce textwidget\">\n\t<\/div>\n<\/div><\/div><div id=\"panel-514-0-1-2\" class=\"so-panel widget widget_sow-editor\" data-index=\"4\" ><div\n\t\t\t\n\t\t\tclass=\"so-widget-sow-editor so-widget-sow-editor-base\"\n\t\t\t\n\t\t>\n<div class=\"siteorigin-widget-tinymce textwidget\">\n\t<\/div>\n<\/div><\/div><div id=\"panel-514-0-1-3\" class=\"so-panel widget widget_sow-editor\" data-index=\"5\" ><div\n\t\t\t\n\t\t\tclass=\"so-widget-sow-editor so-widget-sow-editor-base\"\n\t\t\t\n\t\t>\n<div class=\"siteorigin-widget-tinymce textwidget\">\n\t<\/div>\n<\/div><\/div><div id=\"panel-514-0-1-4\" class=\"so-panel widget widget_sow-editor\" data-index=\"6\" ><div\n\t\t\t\n\t\t\tclass=\"so-widget-sow-editor so-widget-sow-editor-base\"\n\t\t\t\n\t\t>\n<div class=\"siteorigin-widget-tinymce textwidget\">\n\t<\/div>\n<\/div><\/div><div id=\"panel-514-0-1-5\" class=\"so-panel widget widget_sow-editor\" data-index=\"7\" ><div\n\t\t\t\n\t\t\tclass=\"so-widget-sow-editor so-widget-sow-editor-base\"\n\t\t\t\n\t\t>\n<div class=\"siteorigin-widget-tinymce textwidget\">\n\t<\/div>\n<\/div><\/div><div id=\"panel-514-0-1-6\" class=\"so-panel widget widget_sow-editor\" data-index=\"8\" ><div\n\t\t\t\n\t\t\tclass=\"so-widget-sow-editor so-widget-sow-editor-base\"\n\t\t\t\n\t\t>\n<div class=\"siteorigin-widget-tinymce textwidget\">\n\t<\/div>\n<\/div><\/div><div id=\"panel-514-0-1-7\" class=\"so-panel widget widget_sow-editor\" data-index=\"9\" ><div\n\t\t\t\n\t\t\tclass=\"so-widget-sow-editor so-widget-sow-editor-base\"\n\t\t\t\n\t\t>\n<div class=\"siteorigin-widget-tinymce textwidget\">\n\t<p><a href=\"http:\/\/www.esttravelguide.com\/wp-content\/uploads\/2018\/11\/Frankadelikava.jpg\"><img decoding=\"async\" loading=\"lazy\" class=\"alignleft size-thumbnail wp-image-2426\" src=\"http:\/\/www.esttravelguide.com\/wp-content\/uploads\/2018\/11\/Frankadelikava-150x100.jpg\" alt=\"\" width=\"150\" height=\"100\" \/><\/a><\/p>\n<\/div>\n<\/div><\/div><div id=\"panel-514-0-1-8\" class=\"so-panel widget widget_sow-editor\" data-index=\"10\" ><div\n\t\t\t\n\t\t\tclass=\"so-widget-sow-editor so-widget-sow-editor-base\"\n\t\t\t\n\t\t>\n<div class=\"siteorigin-widget-tinymce textwidget\">\n\t<\/div>\n<\/div><\/div><div id=\"panel-514-0-1-9\" class=\"so-panel widget widget_sow-editor\" data-index=\"11\" ><div\n\t\t\t\n\t\t\tclass=\"so-widget-sow-editor so-widget-sow-editor-base\"\n\t\t\t\n\t\t>\n<div class=\"siteorigin-widget-tinymce textwidget\">\n\t<\/div>\n<\/div><\/div><div id=\"panel-514-0-1-10\" class=\"so-panel widget widget_sow-editor\" data-index=\"12\" ><div\n\t\t\t\n\t\t\tclass=\"so-widget-sow-editor so-widget-sow-editor-base\"\n\t\t\t\n\t\t>\n<div class=\"siteorigin-widget-tinymce textwidget\">\n\t<\/div>\n<\/div><\/div><div id=\"panel-514-0-1-11\" class=\"so-panel widget widget_sow-editor\" data-index=\"13\" ><div\n\t\t\t\n\t\t\tclass=\"so-widget-sow-editor so-widget-sow-editor-base\"\n\t\t\t\n\t\t>\n<div class=\"siteorigin-widget-tinymce textwidget\">\n\t<p><a href=\"http:\/\/www.esttravelguide.com\/wp-content\/uploads\/2018\/12\/jolleri4.jpg\"><img decoding=\"async\" loading=\"lazy\" class=\"alignleft size-thumbnail wp-image-2458\" src=\"http:\/\/www.esttravelguide.com\/wp-content\/uploads\/2018\/12\/jolleri4-150x150.jpg\" alt=\"\" width=\"150\" height=\"150\" \/><\/a><\/p>\n<\/div>\n<\/div><\/div><div id=\"panel-514-0-1-12\" class=\"so-panel widget widget_sow-editor\" data-index=\"14\" ><div\n\t\t\t\n\t\t\tclass=\"so-widget-sow-editor so-widget-sow-editor-base\"\n\t\t\t\n\t\t>\n<div class=\"siteorigin-widget-tinymce textwidget\">\n\t<\/div>\n<\/div><\/div><div id=\"panel-514-0-1-13\" class=\"so-panel widget widget_sow-editor panel-last-child\" data-index=\"15\" ><div\n\t\t\t\n\t\t\tclass=\"so-widget-sow-editor so-widget-sow-editor-base\"\n\t\t\t\n\t\t>\n<div class=\"siteorigin-widget-tinymce textwidget\">\n\t<\/div>\n<\/div><\/div><\/div><div id=\"pgc-514-0-2\"  class=\"panel-grid-cell\" ><div id=\"panel-514-0-2-0\" class=\"so-panel widget widget_sow-editor panel-first-child\" data-index=\"16\" ><div\n\t\t\t\n\t\t\tclass=\"so-widget-sow-editor so-widget-sow-editor-base\"\n\t\t\t\n\t\t>\n<div class=\"siteorigin-widget-tinymce textwidget\">\n\t<p><strong><span style=\"color: #000000;\">Estonian Folk Art and Craft Union<\/span><\/strong><br \/>\n<em><span style=\"color: #000000;\">Eesti Rahvakunsti ja K\u00e4sit\u00f6\u00f6 Liit<br \/>\nNational folk themed hand-made products<\/span><\/em><\/p>\n<p><span style=\"color: #000000;\">Address 1: Pikk 22, Tallinn<\/span><br \/>\n<span style=\"color: #000000;\">Address 2: L\u00fchike jalg 6A, Tallinn<\/span><br \/>\n<span style=\"color: #000000;\">Address 3: Vanaturu kael 8 <em>(next to the Raekoda)<\/em>, Tallinn<\/span><br \/>\n<span style=\"color: #000000;\">Phone: (+372) 631 4076<\/span><br \/>\n<a href=\"mailto:info@folkart.ee\"><span style=\"color: #000080;\">info@folkart.ee<\/span><\/a><br \/>\n<span style=\"color: #000080;\"><a style=\"color: #000080;\" href=\"http:\/\/www.folkart.ee\" target=\"_blank\" rel=\"noopener noreferrer\">www.folkart.ee<\/a><\/span><\/p>\n<p><em><a href=\"http:\/\/www.esttravelguide.com\/index.php\/2018\/12\/07\/estonian-folk-art-and-craft-union\/\"><span style=\"color: #000000;\">Read more...<\/span><\/a><\/em><\/p>\n<\/div>\n<\/div><\/div><div id=\"panel-514-0-2-1\" class=\"so-panel widget widget_sow-editor\" data-index=\"17\" ><div\n\t\t\t\n\t\t\tclass=\"so-widget-sow-editor so-widget-sow-editor-base\"\n\t\t\t\n\t\t>\n<div class=\"siteorigin-widget-tinymce textwidget\">\n\t<p><strong><a href=\"http:\/\/www.esttravelguide.com\/index.php\/2018\/11\/19\/frankadelik\/\"><span style=\"color: #000000;\"><span style=\"color: #000000;\">Frankadelik<\/span><\/span><\/a><\/strong><\/p>\n<p><span style=\"color: #000000;\">Vana-Viru 6,<\/span><br \/>\n<span style=\"color: #000000;\">Tallinn<\/span><br \/>\n<span style=\"color: #000000;\">Phone: (+372) 645 5043<\/span><br \/>\n<a href=\"mailto:fankadelik@fankadelik.com\"><span style=\"color: #000080;\">fankadelik@fankadelik.com<\/span><\/a><br \/>\n<span style=\"color: #000080;\"><a style=\"color: #000080;\" href=\"https:\/\/www.facebook.com\/Fankadelik\" target=\"_blank\" rel=\"noopener\">Facebook<\/a><\/span><\/p>\n<p><em><span style=\"color: #000000;\"><a style=\"color: #000000;\" href=\"http:\/\/www.esttravelguide.com\/index.php\/2018\/11\/19\/frankadelik\/\">Read more...<\/a><\/span><\/em><\/p>\n<\/div>\n<\/div><\/div><div id=\"panel-514-0-2-2\" class=\"so-panel widget widget_sow-editor\" data-index=\"18\" ><div\n\t\t\t\n\t\t\tclass=\"so-widget-sow-editor so-widget-sow-editor-base\"\n\t\t\t\n\t\t>\n<div class=\"siteorigin-widget-tinymce textwidget\">\n\t<p><span style=\"color: #000000;\"><strong>Jolleri handicraft chamber<\/strong><\/span><br \/>\n<em><span style=\"color: #000000;\">The largest yarn shop of Tallinn's Old Town<\/span><\/em><\/p>\n<p><span style=\"color: #000000;\">M\u00fc\u00fcrivahe 11,<\/span><br \/>\n<span style=\"color: #000000;\">Tallinn<\/span><br \/>\n<span style=\"color: #000000;\">Phone: (+372) 6 484 588; (+372) 566 82 047<\/span><\/p>\n<p><a href=\"mailto:info@jollery-bunny.ee\">info@jollery-bunny.ee<\/a><br \/>\n<a href=\"http:\/\/www.jollery-bunny.ee\/?lang=en\" target=\"_blank\" rel=\"noopener\">www.jollery-bunny.ee<\/a><\/p>\n<p><a href=\"http:\/\/www.esttravelguide.com\/index.php\/2018\/12\/03\/jolleri-handicraft-chamber\/\"><em><span style=\"color: #000080;\"><span style=\"color: #000000;\">Read more...<\/span><\/span><\/em><\/a><\/p>\n<\/div>\n<\/div><\/div><div id=\"panel-514-0-2-3\" class=\"so-panel widget widget_sow-editor\" data-index=\"19\" ><div\n\t\t\t\n\t\t\tclass=\"so-widget-sow-editor so-widget-sow-editor-base\"\n\t\t\t\n\t\t>\n<div class=\"siteorigin-widget-tinymce textwidget\">\n\t<\/div>\n<\/div><\/div><div id=\"panel-514-0-2-4\" class=\"so-panel widget widget_sow-editor\" data-index=\"20\" ><div\n\t\t\t\n\t\t\tclass=\"so-widget-sow-editor so-widget-sow-editor-base\"\n\t\t\t\n\t\t>\n<div class=\"siteorigin-widget-tinymce textwidget\">\n\t<\/div>\n<\/div><\/div><div id=\"panel-514-0-2-5\" class=\"so-panel widget widget_sow-editor panel-last-child\" data-index=\"21\" ><div\n\t\t\t\n\t\t\tclass=\"so-widget-sow-editor so-widget-sow-editor-base\"\n\t\t\t\n\t\t>\n<div class=\"siteorigin-widget-tinymce textwidget\">\n\t<\/div>\n<\/div><\/div><\/div><div id=\"pgc-514-0-3\"  class=\"panel-grid-cell\" ><div id=\"panel-514-0-3-0\" class=\"so-panel widget widget_search panel-first-child\" data-index=\"22\" ><form action=\"https:\/\/www.esttravelguide.com\/\" class=\"search-form searchform clearfix\" method=\"get\">\r\n\t<div class=\"search-wrap\">\r\n\t\t<input type=\"text\" placeholder=\"Search\" class=\"s field\" name=\"s\">\r\n\t\t<button class=\"search-icon\" type=\"submit\"><\/button>\r\n\t<\/div>\r\n<\/form><!-- .searchform --><\/div><div id=\"panel-514-0-3-1\" class=\"so-panel widget widget_sow-editor panel-last-child\" data-index=\"23\" ><div\n\t\t\t\n\t\t\tclass=\"so-widget-sow-editor so-widget-sow-editor-base\"\n\t\t\t\n\t\t>\n<div class=\"siteorigin-widget-tinymce textwidget\">\n\t<\/div>\n<\/div><\/div><\/div><\/div><\/div>","protected":false},"excerpt":{"rendered":"<p>Estonian Folk Art and Craft Union Eesti Rahvakunsti ja K\u00e4sit\u00f6\u00f6 Liit National folk themed hand-made products Address 1: Pikk 22, Tallinn Address 2: L\u00fchike jalg 6A, Tallinn Address 3: Vanaturu kael 8 (next to the Raekoda), Tallinn Phone: (+372) 631<\/p>\n","protected":false},"author":1,"featured_media":0,"parent":58,"menu_order":0,"comment_status":"closed","ping_status":"closed","template":"","meta":{"_exactmetrics_skip_tracking":false,"_exactmetrics_sitenote_active":false,"_exactmetrics_sitenote_note":"","_exactmetrics_sitenote_category":0,"jetpack_post_was_ever_published":false},"jetpack_sharing_enabled":true,"jetpack_shortlink":"https:\/\/wp.me\/Pattto-8i","_links":{"self":[{"href":"https:\/\/www.esttravelguide.com\/index.php\/wp-json\/wp\/v2\/pages\/514"}],"collection":[{"href":"https:\/\/www.esttravelguide.com\/index.php\/wp-json\/wp\/v2\/pages"}],"about":[{"href":"https:\/\/www.esttravelguide.com\/index.php\/wp-json\/wp\/v2\/types\/page"}],"author":[{"embeddable":true,"href":"https:\/\/www.esttravelguide.com\/index.php\/wp-json\/wp\/v2\/users\/1"}],"replies":[{"embeddable":true,"href":"https:\/\/www.esttravelguide.com\/index.php\/wp-json\/wp\/v2\/comments?post=514"}],"version-history":[{"count":45,"href":"https:\/\/www.esttravelguide.com\/index.php\/wp-json\/wp\/v2\/pages\/514\/revisions"}],"predecessor-version":[{"id":2938,"href":"https:\/\/www.esttravelguide.com\/index.php\/wp-json\/wp\/v2\/pages\/514\/revisions\/2938"}],"up":[{"embeddable":true,"href":"https:\/\/www.esttravelguide.com\/index.php\/wp-json\/wp\/v2\/pages\/58"}],"wp:attachment":[{"href":"https:\/\/www.esttravelguide.com\/index.php\/wp-json\/wp\/v2\/media?parent=514"}],"curies":[{"name":"wp","href":"https:\/\/api.w.org\/{rel}","templated":true}]}}