{"id":2224,"date":"2018-05-07T12:51:57","date_gmt":"2018-05-07T12:51:57","guid":{"rendered":"http:\/\/www.esttravelguide.com\/?page_id=2224"},"modified":"2019-02-20T14:19:28","modified_gmt":"2019-02-20T14:19:28","slug":"2224-2","status":"publish","type":"page","link":"https:\/\/www.esttravelguide.com\/index.php\/saaremaa\/accommodation\/2224-2\/","title":{"rendered":"Accommodation"},"content":{"rendered":"<div id=\"pl-2224\"  class=\"panel-layout\" ><div id=\"pg-2224-0\"  class=\"panel-grid panel-no-style\" ><div id=\"pgc-2224-0-0\"  class=\"panel-grid-cell\" ><div id=\"panel-2224-0-0-0\" class=\"so-panel widget widget_nav_menu panel-first-child\" data-index=\"0\" ><div class=\"menu-saaremaa-container\"><ul id=\"menu-saaremaa\" class=\"menu\"><li id=\"menu-item-2243\" class=\"menu-item menu-item-type-post_type menu-item-object-page menu-item-2243\"><a href=\"https:\/\/www.esttravelguide.com\/index.php\/saaremaa\/accommodation\/2224-2\/\">Accommodation<\/a><\/li>\n<li id=\"menu-item-374\" class=\"menu-item menu-item-type-post_type menu-item-object-page menu-item-374\"><a href=\"https:\/\/www.esttravelguide.com\/index.php\/saaremaa\/what-to-do\/\">What to do<\/a><\/li>\n<li id=\"menu-item-373\" class=\"menu-item menu-item-type-post_type menu-item-object-page menu-item-373\"><a href=\"https:\/\/www.esttravelguide.com\/index.php\/saaremaa\/restaurants-cafes\/\">Restaurants &#038; Caf\u00e9s<\/a><\/li>\n<li id=\"menu-item-1571\" class=\"menu-item menu-item-type-post_type menu-item-object-page menu-item-1571\"><a href=\"https:\/\/www.esttravelguide.com\/index.php\/saaremaa\/bars-pubs-clubs\/\">Bars, Pubs &#038; Clubs<\/a><\/li>\n<li id=\"menu-item-1572\" class=\"menu-item menu-item-type-post_type menu-item-object-page menu-item-1572\"><a href=\"https:\/\/www.esttravelguide.com\/index.php\/saaremaa\/nightlife\/\">Nightlife<\/a><\/li>\n<li id=\"menu-item-1573\" class=\"menu-item menu-item-type-post_type menu-item-object-page menu-item-1573\"><a href=\"https:\/\/www.esttravelguide.com\/index.php\/saaremaa\/shopping\/\">Shopping<\/a><\/li>\n<li id=\"menu-item-1574\" class=\"menu-item menu-item-type-post_type menu-item-object-page menu-item-1574\"><a href=\"https:\/\/www.esttravelguide.com\/index.php\/saaremaa\/arts-entertainment\/\">Arts &#038; Entertainment<\/a><\/li>\n<li id=\"menu-item-1575\" class=\"menu-item menu-item-type-post_type menu-item-object-page menu-item-1575\"><a href=\"https:\/\/www.esttravelguide.com\/index.php\/saaremaa\/beauty-health\/\">Beauty &#038; Health<\/a><\/li>\n<li id=\"menu-item-1576\" class=\"menu-item menu-item-type-post_type menu-item-object-page menu-item-1576\"><a href=\"https:\/\/www.esttravelguide.com\/index.php\/saaremaa\/festivals-events\/\">Festivals &#038; Events<\/a><\/li>\n<li id=\"menu-item-1577\" class=\"menu-item menu-item-type-post_type menu-item-object-page menu-item-1577\"><a href=\"https:\/\/www.esttravelguide.com\/index.php\/saaremaa\/family-kids\/\">Family &#038; Kids<\/a><\/li>\n<li id=\"menu-item-1578\" class=\"menu-item menu-item-type-post_type menu-item-object-page menu-item-1578\"><a href=\"https:\/\/www.esttravelguide.com\/index.php\/saaremaa\/museums\/\">Museums<\/a><\/li>\n<li id=\"menu-item-1579\" class=\"menu-item menu-item-type-post_type menu-item-object-page menu-item-1579\"><a href=\"https:\/\/www.esttravelguide.com\/index.php\/saaremaa\/car-rental-taxi\/\">Car rental &#038; Taxi<\/a><\/li>\n<li id=\"menu-item-1580\" class=\"menu-item menu-item-type-post_type menu-item-object-page menu-item-1580\"><a href=\"https:\/\/www.esttravelguide.com\/index.php\/saaremaa\/sights\/\">Sights<\/a><\/li>\n<li id=\"menu-item-1581\" class=\"menu-item menu-item-type-post_type menu-item-object-page menu-item-1581\"><a href=\"https:\/\/www.esttravelguide.com\/index.php\/saaremaa\/theaters-concert-halls-opera\/\">Theaters &#038; Concert Halls, Opera<\/a><\/li>\n<li id=\"menu-item-1582\" class=\"menu-item menu-item-type-post_type menu-item-object-page menu-item-1582\"><a href=\"https:\/\/www.esttravelguide.com\/index.php\/saaremaa\/conference-tourism\/\">Conference Tourism<\/a><\/li>\n<li id=\"menu-item-1583\" class=\"menu-item menu-item-type-post_type menu-item-object-page menu-item-1583\"><a href=\"https:\/\/www.esttravelguide.com\/index.php\/saaremaa\/business-contacts-companies\/\">Business Contacts &#038; Companies<\/a><\/li>\n<\/ul><\/div><\/div><div id=\"panel-2224-0-0-1\" class=\"so-panel widget widget_sow-editor panel-last-child\" data-index=\"1\" ><div\n\t\t\t\n\t\t\tclass=\"so-widget-sow-editor so-widget-sow-editor-base\"\n\t\t\t\n\t\t>\n<div class=\"siteorigin-widget-tinymce textwidget\">\n\t<\/div>\n<\/div><\/div><\/div><div id=\"pgc-2224-0-1\"  class=\"panel-grid-cell\" ><div id=\"panel-2224-0-1-0\" class=\"so-panel widget widget_sow-editor panel-first-child panel-last-child\" data-index=\"2\" ><div\n\t\t\t\n\t\t\tclass=\"so-widget-sow-editor so-widget-sow-editor-base\"\n\t\t\t\n\t\t>\n<div class=\"siteorigin-widget-tinymce textwidget\">\n\t<p><span style=\"color: #000000;\"><b><span style=\"font-size: medium;\"><a href=\"http:\/\/www.esttravelguide.com\/wp-content\/uploads\/2018\/05\/1660t.jpg\"><img decoding=\"async\" loading=\"lazy\" class=\"alignleft wp-image-2225 size-full\" src=\"http:\/\/www.esttravelguide.com\/wp-content\/uploads\/2018\/05\/1660t.jpg\" alt=\"\" width=\"150\" height=\"112\" \/><\/a>Adu-Jaani Guesthouse<\/span><\/b><br \/>\nAddress: M\u00e4tja k\u00fcla, Leisi vald, Saaremaa<br \/>\nPhone: (+372) 534 27039; (+372) 520 8376<br \/>\n<a href=\"mailto:adujaan@hot.ee\">adujaan@hot.ee<\/a><br \/>\n<a href=\"https:\/\/sites.google.com\/site\/adujaanikodumajutus\/\" target=\"_blank\" rel=\"noopener\">sites.google.com<\/a><\/span><\/p>\n<p>&nbsp;<\/p>\n<p><span style=\"color: #000000;\"><b><span style=\"font-size: medium;\"><a href=\"http:\/\/www.esttravelguide.com\/wp-content\/uploads\/2018\/05\/2405t.jpg\"><img decoding=\"async\" loading=\"lazy\" class=\"alignleft wp-image-2226 size-full\" src=\"http:\/\/www.esttravelguide.com\/wp-content\/uploads\/2018\/05\/2405t.jpg\" alt=\"\" width=\"150\" height=\"99\" \/><\/a>Kivi-Roosi Holiday House<\/span><\/b><br \/>\nAddress: L\u00fcmanda parish, Saaremaa island, Estonia<br \/>\nPhone: (+372) 52 37 029<br \/>\n<a href=\"mailto:imbi@tirrutalu.ee\">imbi@tirrutalu.ee<\/a><br \/>\n<a href=\"http:\/\/www.tirrutalu.ee\/?page_id=58\" target=\"_blank\" rel=\"noopener\">www.tirrutalu.ee<\/a><\/span><\/p>\n<p>&nbsp;<\/p>\n<p><span style=\"color: #000000;\"><b><span style=\"font-size: medium;\"><a href=\"http:\/\/www.esttravelguide.com\/wp-content\/uploads\/2018\/05\/2410t.jpg\"><img decoding=\"async\" loading=\"lazy\" class=\"alignleft wp-image-2227 size-full\" src=\"http:\/\/www.esttravelguide.com\/wp-content\/uploads\/2018\/05\/2410t.jpg\" alt=\"\" width=\"150\" height=\"77\" \/><\/a>Laasi-Jaani Holiday Homes<\/span><\/b><br \/>\nAddress: Koiduv\u00e4lja k\u00fcla, Leisi vald, Saaremaa<br \/>\nPhone: (+372) 56 228 596; (+372) 53 462 092<br \/>\n<a href=\"mailto:laasijaani@gmail.com\">laasijaani@gmail.com<\/a><br \/>\n<a href=\"http:\/\/www.laasijaani.com\/index.php?option=com_content&amp;view=article&amp;id=5&amp;Itemid=104\" target=\"_blank\" rel=\"noopener\">www.laasijaani.com<\/a><\/span><\/p>\n<p>&nbsp;<\/p>\n<div align=\"left\"><a href=\"http:\/\/www.esttravelguide.com\/wp-content\/uploads\/2018\/05\/2417t.jpg\"><img decoding=\"async\" loading=\"lazy\" class=\"alignleft wp-image-2229 size-full\" src=\"http:\/\/www.esttravelguide.com\/wp-content\/uploads\/2018\/05\/2417t.jpg\" alt=\"\" width=\"150\" height=\"100\" \/><\/a><\/div>\n<p><span style=\"color: #000000;\"><b><span style=\"font-size: medium;\">P\u00e4rna Guestghouse &amp; Apartments<\/span><\/b><br \/>\nAddress: P\u00e4rna 3, 93814 Kuressaare, Estonia<br \/>\nPhone: (+372) 45 57 521; (+372) 50 92 788<br \/>\n<a href=\"mailto:info@parna.ee\">info@parna.ee<\/a>;\u00a0<a href=\"mailto:helli@parna.ee\">helli@parna.ee<\/a><br \/>\n<a href=\"http:\/\/www.parna.ee\/en\" target=\"_blank\" rel=\"noopener\">www.parna.ee<\/a><br \/>\n<\/span><\/p>\n<p>&nbsp;<\/p>\n<div align=\"left\"><a href=\"http:\/\/www.esttravelguide.com\/wp-content\/uploads\/2018\/05\/2439t.jpg\"><img decoding=\"async\" loading=\"lazy\" class=\"alignleft wp-image-2230 size-full\" src=\"http:\/\/www.esttravelguide.com\/wp-content\/uploads\/2018\/05\/2439t.jpg\" alt=\"\" width=\"150\" height=\"112\" \/><\/a><\/div>\n<p><span style=\"color: #000000;\"><b><span style=\"font-size: medium;\">Arina turismitalu<\/span><\/b><br \/>\nAddress: \u00dclej\u00f5e 3, Nasva k\u00fcla, Kaarma vald, Saaremaa<br \/>\nPhone: (+372) 45 44162; (+372) 56 691 942<br \/>\n<a href=\"mailto:arinabb@arinabb.ee\">arinabb@arinabb.ee<\/a><br \/>\n<a href=\"http:\/\/www.arinabb.ee\/index.php?page=3\" target=\"_blank\" rel=\"noopener\">www.arinabb.ee<\/a><\/span><\/p>\n<p>&nbsp;<\/p>\n<div align=\"left\"><a href=\"http:\/\/www.esttravelguide.com\/wp-content\/uploads\/2018\/05\/2447t-1.jpg\"><img decoding=\"async\" loading=\"lazy\" class=\"alignleft wp-image-2232 size-full\" src=\"http:\/\/www.esttravelguide.com\/wp-content\/uploads\/2018\/05\/2447t-1.jpg\" alt=\"\" width=\"150\" height=\"111\" \/><\/a><\/div>\n<p><span style=\"color: #000000;\"><b><span style=\"font-size: medium;\">Elfi Suvemaja<\/span><\/b><br \/>\nAddress: M\u00f6ldri k\u00fcla (village), Salme vald (parish), Saaremaa, Estonia<br \/>\nPhone: (+372) 50 16 002 Elfi Valge<br \/>\n<a href=\"mailto:elfi.valge@mail.ee\">elfi.valge@mail.ee<\/a><br \/>\n<a href=\"http:\/\/www.hot.ee\/elfisuvemaja\/eng\/index.htm\" target=\"_blank\" rel=\"noopener\">www.hot.ee\/elfisuvemaja<\/a><\/span><\/p>\n<p>&nbsp;<\/p>\n<div align=\"left\"><a href=\"http:\/\/www.esttravelguide.com\/wp-content\/uploads\/2018\/05\/2486t.jpg\"><img decoding=\"async\" loading=\"lazy\" class=\"alignleft wp-image-2233 size-full\" src=\"http:\/\/www.esttravelguide.com\/wp-content\/uploads\/2018\/05\/2486t.jpg\" alt=\"\" width=\"150\" height=\"112\" \/><\/a><\/div>\n<p><span style=\"color: #000000;\"><b><span style=\"font-size: medium;\">Kaju Puhkemajad<\/span><\/b><br \/>\nAddress: Mere 5, Nasva k\u00fcla (village), Kaarma vald (parish), Saaremaa, Estonia<br \/>\nPhone 1: (+372) 50 93 533<br \/>\nPhone 2: (+372) 45 44 128<br \/>\n<a href=\"mailto:maris200@hot.ee\">maris200@hot.ee<\/a><br \/>\n<a href=\"http:\/\/www.kaju.ee\/index.php?lang=eng&amp;mid=10&amp;mod=\" target=\"_blank\" rel=\"noopener\">www.kaju.ee<\/a><\/span><\/p>\n<p>&nbsp;<\/p>\n<div align=\"left\"><a href=\"http:\/\/www.esttravelguide.com\/wp-content\/uploads\/2018\/05\/2584t.jpg\"><img decoding=\"async\" loading=\"lazy\" class=\"alignleft wp-image-2234 size-full\" src=\"http:\/\/www.esttravelguide.com\/wp-content\/uploads\/2018\/05\/2584t.jpg\" alt=\"\" width=\"150\" height=\"100\" \/><\/a><\/div>\n<p><span style=\"color: #000000;\"><b><span style=\"font-size: medium;\">Loode Tourism Farm<\/span><\/b><br \/>\nAddress: Kuralase k\u00fcla (village), Kihelkonna, Saaremaa, Estonia<br \/>\nPhone: (+372) 50 56 227<br \/>\n<a href=\"mailto:valdo@loodetalu.eu\">valdo@loodetalu.eu<\/a><br \/>\n<a href=\"http:\/\/www.loodetalu.eu\/index.php?lang=2\" target=\"_blank\" rel=\"noopener\">www.loodetalu.eu<\/a><\/span><\/p>\n<p>&nbsp;<\/p>\n<div align=\"left\"><a href=\"http:\/\/www.esttravelguide.com\/wp-content\/uploads\/2018\/05\/2598t.jpg\"><img decoding=\"async\" loading=\"lazy\" class=\"alignleft wp-image-2235 size-full\" src=\"http:\/\/www.esttravelguide.com\/wp-content\/uploads\/2018\/05\/2598t.jpg\" alt=\"\" width=\"150\" height=\"100\" \/><\/a><\/div>\n<p><span style=\"color: #000000;\"><b><span style=\"font-size: medium;\">T\u00f5nise Talu<\/span><\/b><br \/>\nAddress: Lilbi k\u00fcla (village), Kaarma parish, Saaremaa, Estonia<br \/>\nPhone: (+372) 51 03 477<br \/>\n<a href=\"mailto:info@tonistalu.ee\">info@tonistalu.ee<\/a><br \/>\n<a href=\"http:\/\/www.tonisetalu.ee\/eng\" target=\"_blank\" rel=\"noopener\">www.tonisetalu.ee<\/a><\/span><\/p>\n<\/div>\n<\/div><\/div><\/div><div id=\"pgc-2224-0-2\"  class=\"panel-grid-cell\" ><div id=\"panel-2224-0-2-0\" class=\"so-panel widget widget_search panel-first-child\" data-index=\"3\" ><form action=\"https:\/\/www.esttravelguide.com\/\" class=\"search-form searchform clearfix\" method=\"get\">\r\n\t<div class=\"search-wrap\">\r\n\t\t<input type=\"text\" placeholder=\"Search\" class=\"s field\" name=\"s\">\r\n\t\t<button class=\"search-icon\" type=\"submit\"><\/button>\r\n\t<\/div>\r\n<\/form><!-- .searchform --><\/div><div id=\"panel-2224-0-2-1\" class=\"so-panel widget widget_sow-editor panel-last-child\" data-index=\"4\" ><div\n\t\t\t\n\t\t\tclass=\"so-widget-sow-editor so-widget-sow-editor-base\"\n\t\t\t\n\t\t>\n<div class=\"siteorigin-widget-tinymce textwidget\">\n\t<\/div>\n<\/div><\/div><\/div><\/div><\/div>","protected":false},"excerpt":{"rendered":"<p>Adu-Jaani Guesthouse Address: M\u00e4tja k\u00fcla, Leisi vald, Saaremaa Phone: (+372) 534 27039; (+372) 520 8376 adujaan@hot.ee sites.google.com &nbsp; Kivi-Roosi Holiday House Address: L\u00fcmanda parish, Saaremaa island, Estonia Phone: (+372) 52 37 029 imbi@tirrutalu.ee www.tirrutalu.ee &nbsp; Laasi-Jaani Holiday Homes Address: Koiduv\u00e4lja<\/p>\n","protected":false},"author":1,"featured_media":2228,"parent":288,"menu_order":0,"comment_status":"closed","ping_status":"closed","template":"","meta":{"_exactmetrics_skip_tracking":false,"_exactmetrics_sitenote_active":false,"_exactmetrics_sitenote_note":"","_exactmetrics_sitenote_category":0,"jetpack_post_was_ever_published":false},"jetpack_sharing_enabled":true,"jetpack_shortlink":"https:\/\/wp.me\/Pattto-zS","_links":{"self":[{"href":"https:\/\/www.esttravelguide.com\/index.php\/wp-json\/wp\/v2\/pages\/2224"}],"collection":[{"href":"https:\/\/www.esttravelguide.com\/index.php\/wp-json\/wp\/v2\/pages"}],"about":[{"href":"https:\/\/www.esttravelguide.com\/index.php\/wp-json\/wp\/v2\/types\/page"}],"author":[{"embeddable":true,"href":"https:\/\/www.esttravelguide.com\/index.php\/wp-json\/wp\/v2\/users\/1"}],"replies":[{"embeddable":true,"href":"https:\/\/www.esttravelguide.com\/index.php\/wp-json\/wp\/v2\/comments?post=2224"}],"version-history":[{"count":25,"href":"https:\/\/www.esttravelguide.com\/index.php\/wp-json\/wp\/v2\/pages\/2224\/revisions"}],"predecessor-version":[{"id":2515,"href":"https:\/\/www.esttravelguide.com\/index.php\/wp-json\/wp\/v2\/pages\/2224\/revisions\/2515"}],"up":[{"embeddable":true,"href":"https:\/\/www.esttravelguide.com\/index.php\/wp-json\/wp\/v2\/pages\/288"}],"wp:featuredmedia":[{"embeddable":true,"href":"https:\/\/www.esttravelguide.com\/index.php\/wp-json\/wp\/v2\/media\/2228"}],"wp:attachment":[{"href":"https:\/\/www.esttravelguide.com\/index.php\/wp-json\/wp\/v2\/media?parent=2224"}],"curies":[{"name":"wp","href":"https:\/\/api.w.org\/{rel}","templated":true}]}}